{"id":775,"date":"2022-10-06T12:11:15","date_gmt":"2022-10-06T12:11:15","guid":{"rendered":"https:\/\/siddistaxi.no\/?page_id=775"},"modified":"2022-10-13T21:07:56","modified_gmt":"2022-10-13T21:07:56","slug":"bestillingslosninger","status":"publish","type":"page","link":"https:\/\/siddistaxi.no\/en\/for-bedrifter\/bestillingslosninger\/","title":{"rendered":"Bestillingslosninger"},"content":{"rendered":"<div data-elementor-type=\"wp-page\" data-elementor-id=\"775\" class=\"elementor elementor-775\" data-elementor-post-type=\"page\">\n\t\t\t\t\t\t<section class=\"elementor-section elementor-top-section elementor-element elementor-element-53b8c1fe elementor-section-boxed elementor-section-height-default elementor-section-height-default\" data-id=\"53b8c1fe\" data-element_type=\"section\">\n\t\t\t\t\t\t<div class=\"elementor-container elementor-column-gap-default\">\n\t\t\t\t\t<div class=\"elementor-column elementor-col-50 elementor-top-column elementor-element elementor-element-288084\" data-id=\"288084\" data-element_type=\"column\">\n\t\t\t<div class=\"elementor-widget-wrap elementor-element-populated\">\n\t\t\t\t\t\t<div class=\"elementor-element elementor-element-26db8a2f elementor-widget elementor-widget-heading\" data-id=\"26db8a2f\" data-element_type=\"widget\" data-widget_type=\"heading.default\">\n\t\t\t\t<div class=\"elementor-widget-container\">\n\t\t\t\t\t<h1 class=\"elementor-heading-title elementor-size-default\">Bestillingsl\u00f8sninger for bedrifter<\/h1>\t\t\t\t<\/div>\n\t\t\t\t<\/div>\n\t\t\t\t<div class=\"elementor-element elementor-element-52fd94cd elementor-widget elementor-widget-text-editor\" data-id=\"52fd94cd\" data-element_type=\"widget\" data-widget_type=\"text-editor.default\">\n\t\t\t\t<div class=\"elementor-widget-container\">\n\t\t\t\t\t\t\t\t\t<p><span style=\"text-decoration: underline;\">Bestillingsl\u00f8sninger for bedrift levert av Siddis TAXI<\/span><\/p>\t\t\t\t\t\t\t\t<\/div>\n\t\t\t\t<\/div>\n\t\t\t\t<div class=\"elementor-element elementor-element-b2a9daa bestillings-taxi elementor-widget elementor-widget-text-editor\" data-id=\"b2a9daa\" data-element_type=\"widget\" data-widget_type=\"text-editor.default\">\n\t\t\t\t<div class=\"elementor-widget-container\">\n\t\t\t\t\t\t\t\t\t<ul>\n \t<li><strong>Selvbetjent gjesteskjerm: <\/strong>Gjester og ansatte kan selv bestille taxi via Samsung tablet som kobles direkte til bestillers eget telefonnummer.<\/li><br>\n \t<li><strong>For resepsjonist:<\/strong> Kan bestille taxi direkte via v\u00e5r hjemmeside p\u00e5 <a href=\"https:\/\/siddistaxi.no\/en\/\"><span style=\"text-decoration: underline;\">www.siddistaxi.no<\/span><\/a><\/li>\n \t<br><li><strong>Kredittbestilling:<\/strong> L\u00f8sningen kan kobles mot en kunde\/firmaavtale med Siddis TAXI, slik at bestillinger kj\u00f8res p\u00e5 kreditt og faktureres i etterkant.<\/li>\n<\/ul>\t\t\t\t\t\t\t\t<\/div>\n\t\t\t\t<\/div>\n\t\t\t\t<div class=\"elementor-element elementor-element-3b74759 elementor-widget elementor-widget-text-editor\" data-id=\"3b74759\" data-element_type=\"widget\" data-widget_type=\"text-editor.default\">\n\t\t\t\t<div class=\"elementor-widget-container\">\n\t\t\t\t\t\t\t\t\t<p>For mer informasjon kontakt oss p\u00e5 direkte p\u00e5 <a href=\"mailto:post@siddistaxi.no\"><span style=\"text-decoration: underline;\">post@siddistaxi.no<\/span><\/a> eller telefon 51 58 66 66<\/p>\t\t\t\t\t\t\t\t<\/div>\n\t\t\t\t<\/div>\n\t\t\t\t\t<\/div>\n\t\t<\/div>\n\t\t\t\t<div class=\"elementor-column elementor-col-50 elementor-top-column elementor-element elementor-element-2136e64d\" data-id=\"2136e64d\" data-element_type=\"column\">\n\t\t\t<div class=\"elementor-widget-wrap elementor-element-populated\">\n\t\t\t\t\t\t<div class=\"elementor-element elementor-element-2a4b0e5 elementor-widget elementor-widget-template\" data-id=\"2a4b0e5\" data-element_type=\"widget\" data-widget_type=\"template.default\">\n\t\t\t\t<div class=\"elementor-widget-container\">\n\t\t\t\t\t\t\t<div class=\"elementor-template\">\n\t\t\t\t\t<div data-elementor-type=\"section\" data-elementor-id=\"640\" class=\"elementor elementor-640\" data-elementor-post-type=\"elementor_library\">\n\t\t\t\t\t<section class=\"elementor-section elementor-top-section elementor-element elementor-element-7eac875 elementor-section-boxed elementor-section-height-default elementor-section-height-default\" data-id=\"7eac875\" data-element_type=\"section\">\n\t\t\t\t\t\t<div class=\"elementor-container elementor-column-gap-default\">\n\t\t\t\t\t<div class=\"elementor-column elementor-col-100 elementor-top-column elementor-element elementor-element-0e1ca7f\" data-id=\"0e1ca7f\" data-element_type=\"column\">\n\t\t\t<div class=\"elementor-widget-wrap elementor-element-populated\">\n\t\t\t\t\t\t<section class=\"elementor-section elementor-inner-section elementor-element elementor-element-e0046d0 elementor-section-height-min-height elementor-section-boxed elementor-section-height-default\" data-id=\"e0046d0\" data-element_type=\"section\">\n\t\t\t\t\t\t<div class=\"elementor-container elementor-column-gap-default\">\n\t\t\t\t\t<div class=\"elementor-column elementor-col-100 elementor-inner-column elementor-element elementor-element-439ce55\" data-id=\"439ce55\" data-element_type=\"column\" data-settings=\"{&quot;background_background&quot;:&quot;classic&quot;}\">\n\t\t\t<div class=\"elementor-widget-wrap elementor-element-populated\">\n\t\t\t\t\t\t<div class=\"elementor-element elementor-element-7f4587b elementor-widget elementor-widget-heading\" data-id=\"7f4587b\" data-element_type=\"widget\" data-widget_type=\"heading.default\">\n\t\t\t\t<div class=\"elementor-widget-container\">\n\t\t\t\t\t<h2 class=\"elementor-heading-title elementor-size-default\">Contact us<\/h2>\t\t\t\t<\/div>\n\t\t\t\t<\/div>\n\t\t\t\t<div class=\"elementor-element elementor-element-66462eb elementor-widget-divider--view-line elementor-widget elementor-widget-divider\" data-id=\"66462eb\" data-element_type=\"widget\" data-widget_type=\"divider.default\">\n\t\t\t\t<div class=\"elementor-widget-container\">\n\t\t\t\t\t\t\t<div class=\"elementor-divider\">\n\t\t\t<span class=\"elementor-divider-separator\">\n\t\t\t\t\t\t<\/span>\n\t\t<\/div>\n\t\t\t\t\t\t<\/div>\n\t\t\t\t<\/div>\n\t\t\t\t<div class=\"elementor-element elementor-element-aa4ac96 elementor-icon-list--layout-traditional elementor-list-item-link-full_width elementor-widget elementor-widget-icon-list\" data-id=\"aa4ac96\" data-element_type=\"widget\" data-widget_type=\"icon-list.default\">\n\t\t\t\t<div class=\"elementor-widget-container\">\n\t\t\t\t\t\t\t<ul class=\"elementor-icon-list-items\">\n\t\t\t\t\t\t\t<li class=\"elementor-icon-list-item\">\n\t\t\t\t\t\t\t\t\t\t\t<a href=\"tel:51586666\">\n\n\t\t\t\t\t\t\t\t\t\t\t\t<span class=\"elementor-icon-list-icon\">\n\t\t\t\t\t\t\t<i aria-hidden=\"true\" class=\"fas fa-mobile-alt\"><\/i>\t\t\t\t\t\t<\/span>\n\t\t\t\t\t\t\t\t\t\t<span class=\"elementor-icon-list-text\">51 58 66 66 <\/span>\n\t\t\t\t\t\t\t\t\t\t\t<\/a>\n\t\t\t\t\t\t\t\t\t<\/li>\n\t\t\t\t\t\t\t\t<li class=\"elementor-icon-list-item\">\n\t\t\t\t\t\t\t\t\t\t\t<a href=\"https:\/\/siddistaxi.no\/en\/kontakt-oss\/\">\n\n\t\t\t\t\t\t\t\t\t\t\t\t<span class=\"elementor-icon-list-icon\">\n\t\t\t\t\t\t\t<i aria-hidden=\"true\" class=\"far fa-envelope\"><\/i>\t\t\t\t\t\t<\/span>\n\t\t\t\t\t\t\t\t\t\t<span class=\"elementor-icon-list-text\"> Contact form<\/span>\n\t\t\t\t\t\t\t\t\t\t\t<\/a>\n\t\t\t\t\t\t\t\t\t<\/li>\n\t\t\t\t\t\t\t\t<li class=\"elementor-icon-list-item\">\n\t\t\t\t\t\t\t\t\t\t\t<a href=\"https:\/\/www.facebook.com\/siddistaxi\/\">\n\n\t\t\t\t\t\t\t\t\t\t\t\t<span class=\"elementor-icon-list-icon\">\n\t\t\t\t\t\t\t<i aria-hidden=\"true\" class=\"fab fa-facebook-f\"><\/i>\t\t\t\t\t\t<\/span>\n\t\t\t\t\t\t\t\t\t\t<span class=\"elementor-icon-list-text\"> Follow us on Facebook!<\/span>\n\t\t\t\t\t\t\t\t\t\t\t<\/a>\n\t\t\t\t\t\t\t\t\t<\/li>\n\t\t\t\t\t\t\t\t<li class=\"elementor-icon-list-item\">\n\t\t\t\t\t\t\t\t\t\t\t<span class=\"elementor-icon-list-icon\">\n\t\t\t\t\t\t\t<i aria-hidden=\"true\" class=\"fas fa-home\"><\/i>\t\t\t\t\t\t<\/span>\n\t\t\t\t\t\t\t\t\t\t<span class=\"elementor-icon-list-text\">Sj\u00f8hagen 11, 4016 Stavanger<\/span>\n\t\t\t\t\t\t\t\t\t<\/li>\n\t\t\t\t\t\t<\/ul>\n\t\t\t\t\t\t<\/div>\n\t\t\t\t<\/div>\n\t\t\t\t\t<\/div>\n\t\t<\/div>\n\t\t\t\t\t<\/div>\n\t\t<\/section>\n\t\t\t\t<section class=\"elementor-section elementor-inner-section elementor-element elementor-element-214799d elementor-section-height-min-height elementor-section-boxed elementor-section-height-default\" data-id=\"214799d\" data-element_type=\"section\">\n\t\t\t\t\t\t<div class=\"elementor-container elementor-column-gap-default\">\n\t\t\t\t\t<div class=\"elementor-column elementor-col-100 elementor-inner-column elementor-element elementor-element-bfe79e6\" data-id=\"bfe79e6\" data-element_type=\"column\" data-settings=\"{&quot;background_background&quot;:&quot;classic&quot;}\">\n\t\t\t<div class=\"elementor-widget-wrap elementor-element-populated\">\n\t\t\t\t\t\t<div class=\"elementor-element elementor-element-32d7db5 elementor-hidden-desktop elementor-hidden-laptop elementor-hidden-tablet_extra elementor-hidden-tablet elementor-hidden-mobile_extra elementor-hidden-mobile elementor-widget elementor-widget-uael-infobox\" data-id=\"32d7db5\" data-element_type=\"widget\" data-widget_type=\"uael-infobox.default\">\n\t\t\t\t<div class=\"elementor-widget-container\">\n\t\t\t\t\t\n<div class=\"uael-module-content uael-infobox  uael-infobox-left  uael-infobox-link-type-link\">\n\t<div class=\"uael-infobox-left-right-wrap\">\n\t\t\t\t\t\t<div class=\"uael-infobox-content\">\n\t\t\t\t\t\t<div class='uael-infobox-title-wrap'><h2 class=\"uael-infobox-title elementor-inline-editing\" data-elementor-setting-key=\"infobox_title\" data-elementor-inline-editing-toolbar=\"basic\" >Vi \u00f8nsker flere l\u00f8yvehavere!<\/h2><\/div>\t\t\t\t\t\t\t\t\t<div class=\"uael-infobox-text-wrap\">\n\t\t\t\t<div class=\"uael-infobox-text elementor-inline-editing\" data-elementor-setting-key=\"infobox_description\" data-elementor-inline-editing-toolbar=\"advanced\">\n\t\t\t\t\tSiddis TAXI is looking for more license holders for our exchange, we are currently very busy and thus we need more taxis connected to the Siddis TAXI exchange.\n\t\t\t\t<\/div>\n\t\t\t\t\t\n\t\t\t\t\t\t\t<div class=\"uael-infobox-cta-link-style\">\n\t\t\t\t<a href=\"https:\/\/siddistaxi.no\/en\/kontakt-oss\/\" class=\"uael-infobox-cta-link\"> \t\t\t\t\t\t\t\t\t\t\t<span class=\"elementor-inline-editing\" data-elementor-setting-key=\"infobox_link_text\" data-elementor-inline-editing-toolbar=\"basic\">Bli siddistaxi-sj\u00e5f\u00f8r \u00bb<\/span>\n\t\t\t\t\t\t\t\t\t\t\t\t\t<span class=\"uael-infobox-link-icon uael-infobox-link-icon-after\">\n\t\t\t\t\t\t\t\t\t\t\t\t\t\t\t\t\t<\/span>\n\t\t\t\t\t\t\t\t\t\t\t\t\t\t\t\t\t\t\t\t\t\t<\/a>\n\t\t\t<\/div>\n\t\t\t\t\t\t<\/div>\n\t\t<\/div>\n\t\t\t<\/div>\n<\/div>\n\t\t\t\t<\/div>\n\t\t\t\t<\/div>\n\t\t\t\t<div class=\"elementor-element elementor-element-e98fde4 elementor-widget elementor-widget-uael-infobox\" data-id=\"e98fde4\" data-element_type=\"widget\" data-widget_type=\"uael-infobox.default\">\n\t\t\t\t<div class=\"elementor-widget-container\">\n\t\t\t\t\t\n<div class=\"uael-module-content uael-infobox  uael-infobox-left  uael-infobox-link-type-link\">\n\t<div class=\"uael-infobox-left-right-wrap\">\n\t\t\t\t\t\t<div class=\"uael-infobox-content\">\n\t\t\t\t\t\t<div class='uael-infobox-title-wrap'><h2 class=\"uael-infobox-title elementor-inline-editing\" data-elementor-setting-key=\"infobox_title\" data-elementor-inline-editing-toolbar=\"basic\" >We want more drivers\/licence holders!<\/h2><\/div>\t\t\t\t\t\t\t\t\t<div class=\"uael-infobox-text-wrap\">\n\t\t\t\t<div class=\"uael-infobox-text elementor-inline-editing\" data-elementor-setting-key=\"infobox_description\" data-elementor-inline-editing-toolbar=\"advanced\">\n\t\t\t\t\tSiddis TAXI is looking for more license holders for our exchange, we are currently very busy and thus we need more taxis connected to the Siddis TAXI exchange.<br><br><b>Qualifications for drivers:<\/b><br><br>\n- Driver's license class B<br>- Driving license<br>- Driver's license is awarded after a service course taken at Siddis TAXI\n<br>\t\t\t\t<\/div>\n\t\t\t\t\t\n\t\t\t\t\t\t\t<div class=\"uael-infobox-cta-link-style\">\n\t\t\t\t<a href=\"https:\/\/siddistaxi.no\/en\/kontakt-oss\/\" class=\"uael-infobox-cta-link\"> \t\t\t\t\t\t\t\t\t\t\t<span class=\"elementor-inline-editing\" data-elementor-setting-key=\"infobox_link_text\" data-elementor-inline-editing-toolbar=\"basic\">Become Siddi's TAXI license holder\/driver \u00bb<\/span>\n\t\t\t\t\t\t\t\t\t\t\t\t\t<span class=\"uael-infobox-link-icon uael-infobox-link-icon-after\">\n\t\t\t\t\t\t\t\t\t\t\t\t\t\t\t\t\t<\/span>\n\t\t\t\t\t\t\t\t\t\t\t\t\t\t\t\t\t\t\t\t\t\t<\/a>\n\t\t\t<\/div>\n\t\t\t\t\t\t<\/div>\n\t\t<\/div>\n\t\t\t<\/div>\n<\/div>\n\t\t\t\t<\/div>\n\t\t\t\t<\/div>\n\t\t\t\t\t<\/div>\n\t\t<\/div>\n\t\t\t\t\t<\/div>\n\t\t<\/section>\n\t\t\t\t\t<\/div>\n\t\t<\/div>\n\t\t\t\t\t<\/div>\n\t\t<\/section>\n\t\t\t\t<\/div>\n\t\t\t\t<\/div>\n\t\t\t\t\t\t<\/div>\n\t\t\t\t<\/div>\n\t\t\t\t\t<\/div>\n\t\t<\/div>\n\t\t\t\t\t<\/div>\n\t\t<\/section>\n\t\t\t\t<\/div>","protected":false},"excerpt":{"rendered":"<p>Bestillingsl\u00f8sninger for bedrifter Bestillingsl\u00f8sninger for bedrift levert av Siddis TAXI Selvbetjent gjesteskjerm: Gjester og ansatte kan selv bestille taxi via Samsung tablet som kobles direkte til bestillers eget telefonnummer. For resepsjonist: Kan bestille taxi direkte via v\u00e5r hjemmeside p\u00e5 www.siddistaxi.no Kredittbestilling: L\u00f8sningen kan kobles mot en kunde\/firmaavtale med Siddis TAXI, slik at bestillinger kj\u00f8res p\u00e5 [&hellip;]<\/p>","protected":false},"author":2,"featured_media":0,"parent":565,"menu_order":0,"comment_status":"closed","ping_status":"closed","template":"","meta":{"site-sidebar-layout":"no-sidebar","site-content-layout":"page-builder","ast-site-content-layout":"","site-content-style":"default","site-sidebar-style":"default","ast-global-header-display":"","ast-banner-title-visibility":"","ast-main-header-display":"","ast-hfb-above-header-display":"","ast-hfb-below-header-display":"","ast-hfb-mobile-header-display":"","site-post-title":"disabled","ast-breadcrumbs-content":"","ast-featured-img":"disabled","footer-sml-layout":"","theme-transparent-header-meta":"default","adv-header-id-meta":"","stick-header-meta":"default","header-above-stick-meta":"","header-main-stick-meta":"","header-below-stick-meta":"","astra-migrate-meta-layouts":"default","ast-page-background-enabled":"default","ast-page-background-meta":{"desktop":{"background-color":"var(--ast-global-color-4)","background-image":"","background-repeat":"repeat","background-position":"center center","background-size":"auto","background-attachment":"scroll","background-type":"","background-media":"","overlay-type":"","overlay-color":"","overlay-opacity":"","overlay-gradient":""},"tablet":{"background-color":"","background-image":"","background-repeat":"repeat","background-position":"center center","background-size":"auto","background-attachment":"scroll","background-type":"","background-media":"","overlay-type":"","overlay-color":"","overlay-opacity":"","overlay-gradient":""},"mobile":{"background-color":"","background-image":"","background-repeat":"repeat","background-position":"center center","background-size":"auto","background-attachment":"scroll","background-type":"","background-media":"","overlay-type":"","overlay-color":"","overlay-opacity":"","overlay-gradient":""}},"ast-content-background-meta":{"desktop":{"background-color":"var(--ast-global-color-5)","background-image":"","background-repeat":"repeat","background-position":"center center","background-size":"auto","background-attachment":"scroll","background-type":"","background-media":"","overlay-type":"","overlay-color":"","overlay-opacity":"","overlay-gradient":""},"tablet":{"background-color":"var(--ast-global-color-5)","background-image":"","background-repeat":"repeat","background-position":"center center","background-size":"auto","background-attachment":"scroll","background-type":"","background-media":"","overlay-type":"","overlay-color":"","overlay-opacity":"","overlay-gradient":""},"mobile":{"background-color":"var(--ast-global-color-5)","background-image":"","background-repeat":"repeat","background-position":"center center","background-size":"auto","background-attachment":"scroll","background-type":"","background-media":"","overlay-type":"","overlay-color":"","overlay-opacity":"","overlay-gradient":""}},"footnotes":""},"class_list":["post-775","page","type-page","status-publish","hentry"],"yoast_head":"<!-- This site is optimized with the Yoast SEO plugin v24.7 - https:\/\/yoast.com\/wordpress\/plugins\/seo\/ -->\n<title>Bestillingslosninger - Siddis TAXI<\/title>\n<meta name=\"robots\" content=\"index, follow, max-snippet:-1, max-image-preview:large, max-video-preview:-1\" \/>\n<link rel=\"canonical\" href=\"https:\/\/siddistaxi.no\/en\/for-bedrifter\/bestillingslosninger\/\" \/>\n<meta property=\"og:locale\" content=\"en_GB\" \/>\n<meta property=\"og:type\" content=\"article\" \/>\n<meta property=\"og:title\" content=\"Bestillingslosninger - Siddis TAXI\" \/>\n<meta property=\"og:description\" content=\"Bestillingsl\u00f8sninger for bedrifter Bestillingsl\u00f8sninger for bedrift levert av Siddis TAXI Selvbetjent gjesteskjerm: Gjester og ansatte kan selv bestille taxi via Samsung tablet som kobles direkte til bestillers eget telefonnummer. For resepsjonist: Kan bestille taxi direkte via v\u00e5r hjemmeside p\u00e5 www.siddistaxi.no Kredittbestilling: L\u00f8sningen kan kobles mot en kunde\/firmaavtale med Siddis TAXI, slik at bestillinger kj\u00f8res p\u00e5 [&hellip;]\" \/>\n<meta property=\"og:url\" content=\"https:\/\/siddistaxi.no\/en\/for-bedrifter\/bestillingslosninger\/\" \/>\n<meta property=\"og:site_name\" content=\"Siddis TAXI\" \/>\n<meta property=\"article:publisher\" content=\"https:\/\/www.facebook.com\/siddistaxi\/\" \/>\n<meta property=\"article:modified_time\" content=\"2022-10-13T21:07:56+00:00\" \/>\n<meta name=\"twitter:card\" content=\"summary_large_image\" \/>\n<script type=\"application\/ld+json\" class=\"yoast-schema-graph\">{\"@context\":\"https:\/\/schema.org\",\"@graph\":[{\"@type\":\"WebPage\",\"@id\":\"https:\/\/siddistaxi.no\/for-bedrifter\/bestillingslosninger\/\",\"url\":\"https:\/\/siddistaxi.no\/for-bedrifter\/bestillingslosninger\/\",\"name\":\"Bestillingslosninger - Siddis TAXI\",\"isPartOf\":{\"@id\":\"https:\/\/siddistaxi.no\/#website\"},\"datePublished\":\"2022-10-06T12:11:15+00:00\",\"dateModified\":\"2022-10-13T21:07:56+00:00\",\"breadcrumb\":{\"@id\":\"https:\/\/siddistaxi.no\/for-bedrifter\/bestillingslosninger\/#breadcrumb\"},\"inLanguage\":\"en-GB\",\"potentialAction\":[{\"@type\":\"ReadAction\",\"target\":[\"https:\/\/siddistaxi.no\/for-bedrifter\/bestillingslosninger\/\"]}]},{\"@type\":\"BreadcrumbList\",\"@id\":\"https:\/\/siddistaxi.no\/for-bedrifter\/bestillingslosninger\/#breadcrumb\",\"itemListElement\":[{\"@type\":\"ListItem\",\"position\":1,\"name\":\"Home\",\"item\":\"https:\/\/siddistaxi.no\/\"},{\"@type\":\"ListItem\",\"position\":2,\"name\":\"For Bedrifter\",\"item\":\"https:\/\/siddistaxi.no\/for-bedrifter\/\"},{\"@type\":\"ListItem\",\"position\":3,\"name\":\"Bestillingslosninger\"}]},{\"@type\":\"WebSite\",\"@id\":\"https:\/\/siddistaxi.no\/#website\",\"url\":\"https:\/\/siddistaxi.no\/\",\"name\":\"Siddis TAXI\",\"description\":\"51 58 66 66\",\"publisher\":{\"@id\":\"https:\/\/siddistaxi.no\/#organization\"},\"potentialAction\":[{\"@type\":\"SearchAction\",\"target\":{\"@type\":\"EntryPoint\",\"urlTemplate\":\"https:\/\/siddistaxi.no\/?s={search_term_string}\"},\"query-input\":{\"@type\":\"PropertyValueSpecification\",\"valueRequired\":true,\"valueName\":\"search_term_string\"}}],\"inLanguage\":\"en-GB\"},{\"@type\":\"Organization\",\"@id\":\"https:\/\/siddistaxi.no\/#organization\",\"name\":\"Siddis TAXI\",\"url\":\"https:\/\/siddistaxi.no\/\",\"logo\":{\"@type\":\"ImageObject\",\"inLanguage\":\"en-GB\",\"@id\":\"https:\/\/siddistaxi.no\/#\/schema\/logo\/image\/\",\"url\":\"https:\/\/siddistaxi.no\/wp-content\/uploads\/2022\/10\/logo.png\",\"contentUrl\":\"https:\/\/siddistaxi.no\/wp-content\/uploads\/2022\/10\/logo.png\",\"width\":300,\"height\":143,\"caption\":\"Siddis TAXI\"},\"image\":{\"@id\":\"https:\/\/siddistaxi.no\/#\/schema\/logo\/image\/\"},\"sameAs\":[\"https:\/\/www.facebook.com\/siddistaxi\/\",\"https:\/\/www.instagram.com\/siddistaxi\/\"]}]}<\/script>\n<!-- \/ Yoast SEO plugin. -->","yoast_head_json":{"title":"Bestillingslosninger - Siddis TAXI","robots":{"index":"index","follow":"follow","max-snippet":"max-snippet:-1","max-image-preview":"max-image-preview:large","max-video-preview":"max-video-preview:-1"},"canonical":"https:\/\/siddistaxi.no\/en\/for-bedrifter\/bestillingslosninger\/","og_locale":"en_GB","og_type":"article","og_title":"Bestillingslosninger - Siddis TAXI","og_description":"Bestillingsl\u00f8sninger for bedrifter Bestillingsl\u00f8sninger for bedrift levert av Siddis TAXI Selvbetjent gjesteskjerm: Gjester og ansatte kan selv bestille taxi via Samsung tablet som kobles direkte til bestillers eget telefonnummer. For resepsjonist: Kan bestille taxi direkte via v\u00e5r hjemmeside p\u00e5 www.siddistaxi.no Kredittbestilling: L\u00f8sningen kan kobles mot en kunde\/firmaavtale med Siddis TAXI, slik at bestillinger kj\u00f8res p\u00e5 [&hellip;]","og_url":"https:\/\/siddistaxi.no\/en\/for-bedrifter\/bestillingslosninger\/","og_site_name":"Siddis TAXI","article_publisher":"https:\/\/www.facebook.com\/siddistaxi\/","article_modified_time":"2022-10-13T21:07:56+00:00","twitter_card":"summary_large_image","schema":{"@context":"https:\/\/schema.org","@graph":[{"@type":"WebPage","@id":"https:\/\/siddistaxi.no\/for-bedrifter\/bestillingslosninger\/","url":"https:\/\/siddistaxi.no\/for-bedrifter\/bestillingslosninger\/","name":"Bestillingslosninger - Siddis TAXI","isPartOf":{"@id":"https:\/\/siddistaxi.no\/#website"},"datePublished":"2022-10-06T12:11:15+00:00","dateModified":"2022-10-13T21:07:56+00:00","breadcrumb":{"@id":"https:\/\/siddistaxi.no\/for-bedrifter\/bestillingslosninger\/#breadcrumb"},"inLanguage":"en-GB","potentialAction":[{"@type":"ReadAction","target":["https:\/\/siddistaxi.no\/for-bedrifter\/bestillingslosninger\/"]}]},{"@type":"BreadcrumbList","@id":"https:\/\/siddistaxi.no\/for-bedrifter\/bestillingslosninger\/#breadcrumb","itemListElement":[{"@type":"ListItem","position":1,"name":"Home","item":"https:\/\/siddistaxi.no\/"},{"@type":"ListItem","position":2,"name":"For Bedrifter","item":"https:\/\/siddistaxi.no\/for-bedrifter\/"},{"@type":"ListItem","position":3,"name":"Bestillingslosninger"}]},{"@type":"WebSite","@id":"https:\/\/siddistaxi.no\/#website","url":"https:\/\/siddistaxi.no\/","name":"Siddis TAXI","description":"51 58 66 66","publisher":{"@id":"https:\/\/siddistaxi.no\/#organization"},"potentialAction":[{"@type":"SearchAction","target":{"@type":"EntryPoint","urlTemplate":"https:\/\/siddistaxi.no\/?s={search_term_string}"},"query-input":{"@type":"PropertyValueSpecification","valueRequired":true,"valueName":"search_term_string"}}],"inLanguage":"en-GB"},{"@type":"Organization","@id":"https:\/\/siddistaxi.no\/#organization","name":"Siddis TAXI","url":"https:\/\/siddistaxi.no\/","logo":{"@type":"ImageObject","inLanguage":"en-GB","@id":"https:\/\/siddistaxi.no\/#\/schema\/logo\/image\/","url":"https:\/\/siddistaxi.no\/wp-content\/uploads\/2022\/10\/logo.png","contentUrl":"https:\/\/siddistaxi.no\/wp-content\/uploads\/2022\/10\/logo.png","width":300,"height":143,"caption":"Siddis TAXI"},"image":{"@id":"https:\/\/siddistaxi.no\/#\/schema\/logo\/image\/"},"sameAs":["https:\/\/www.facebook.com\/siddistaxi\/","https:\/\/www.instagram.com\/siddistaxi\/"]}]}},"_links":{"self":[{"href":"https:\/\/siddistaxi.no\/en\/wp-json\/wp\/v2\/pages\/775","targetHints":{"allow":["GET"]}}],"collection":[{"href":"https:\/\/siddistaxi.no\/en\/wp-json\/wp\/v2\/pages"}],"about":[{"href":"https:\/\/siddistaxi.no\/en\/wp-json\/wp\/v2\/types\/page"}],"author":[{"embeddable":true,"href":"https:\/\/siddistaxi.no\/en\/wp-json\/wp\/v2\/users\/2"}],"replies":[{"embeddable":true,"href":"https:\/\/siddistaxi.no\/en\/wp-json\/wp\/v2\/comments?post=775"}],"version-history":[{"count":133,"href":"https:\/\/siddistaxi.no\/en\/wp-json\/wp\/v2\/pages\/775\/revisions"}],"predecessor-version":[{"id":1813,"href":"https:\/\/siddistaxi.no\/en\/wp-json\/wp\/v2\/pages\/775\/revisions\/1813"}],"up":[{"embeddable":true,"href":"https:\/\/siddistaxi.no\/en\/wp-json\/wp\/v2\/pages\/565"}],"wp:attachment":[{"href":"https:\/\/siddistaxi.no\/en\/wp-json\/wp\/v2\/media?parent=775"}],"curies":[{"name":"wp","href":"https:\/\/api.w.org\/{rel}","templated":true}]}}